{"id":149,"date":"2010-02-21T13:09:44","date_gmt":"2010-02-21T13:09:44","guid":{"rendered":"http:\/\/www.roddickinson.net\/gow\/?page_id=149"},"modified":"2025-12-14T13:16:03","modified_gmt":"2025-12-14T13:16:03","slug":"video","status":"publish","type":"page","link":"https:\/\/www.classwargames.net\/?page_id=149","title":{"rendered":"FILM"},"content":{"rendered":"<h1><strong><center><a href=\"https:\/\/www.classwargames.net\/wp-content\/uploads\/2025\/12\/Class_Wargames@LGFF-scaled.jpg\"><img loading=\"lazy\" decoding=\"async\" class=\"alignnone size-medium wp-image-5271\" src=\"https:\/\/www.classwargames.net\/wp-content\/uploads\/2025\/12\/Class_Wargames@LGFF-scaled.jpg\" alt=\"\" width=\"400\" height=\"211\"><\/a><\/center><\/strong><\/h1>\n<h1><strong><center>CLASS WARGAMES PRESENTS GUY DEBORD&#8217;S <em>THE GAME OF WAR<\/em><\/strong><\/center><\/h1>\n<p>Class Wargames&#8217; film is a 21st century treatise on revolutionary strategy in the cybernetic age. Inspired by Alice Becker-Ho and Guy Debord&#8217;s <em>The Game of War<\/em>, this movie analyses the modern conditions of neo-liberal capitalism and the methods required to transcend it. Utilising both classical military theory and the political insights of Situationism, this film provides an insurrectionary manual for those struggling to build a truly human civilisation.<br \/>\n<strong><a href=\"https:\/\/vimeo.com\/17116481\">Watch the Movie<\/a><\/strong><\/p>\n<p><strong><a href=\"https:\/\/www.classwargames.net\/wp-content\/uploads\/2025\/12\/CW-Summer-2009-flyer.pdf\">Film launch flyer: 26th-27th September 2009<\/a><\/strong><\/p>\n<h2>Reviews<\/h2>\n<p><strong><a href=\"http:\/\/blog.stewarthomesociety.org\/2009\/09\/28\/the-game-of-war-film-at-the-http-gallery\">Stewart Home, <em>The &#8220;Game of War&#8221; film at the HTTP Gallery<\/em><\/a><\/strong><br \/>\n&#8220;Proletarian post-modern variants on the hoary tradition of mock praise are a groove sensation!&#8221;<\/p>\n<p><strong>John Wyver, <em>A Ludic Lesson in Class Warfare<\/em><\/strong><br \/>\n&#8220;&#8230; a hugely unlikely but provocative conjunction of wargames, revolutionary theory, classic movie clips &#8216;turned&#8217; against themselves and leftist politics leavened with dry humour.&#8221;<\/p>\n<p><strong><a href=\"https:\/\/www.classwargames.net\/wp-content\/uploads\/2025\/12\/Class-War_-Game_Movie-_-Mute.pdf\">Scott Lenney, <em>Class War: The Game: The Movie<\/a><\/em><\/strong><br \/>\n&#8220;&#8230; what the film insists on, again and again, is that one must play the game for oneself. Understanding the concepts is not sufficient, because unlike games that attempt to extract themselves from the social, [<em>The<\/em>] <em>Game of War<\/em> allows for spontaneous, unmanaged expressions that at the very least, make it a worthwhile pursuit.&#8221;<\/p>\n<p><strong><a href=\"https:\/\/www.classwargames.net\/wp-content\/uploads\/2010\/02\/miniature_wargames_review.jpg\">Gary Mitchell, <em>Turn On, June In, Drop Out<\/a><\/em><\/strong><br \/>\n&#8220;&#8230; the sort of neo-Marxist clap-trap [that] some guys spouted at Uni[versity] in the [19]70s to impress the chicks &#8230;&#8221;<\/p>\n<h2>Class Wargames \u043f\u0440\u0435\u0434\u0441\u0442\u0430\u0432\u043b\u044f\u0435\u0442: <em>\u0418\u0433\u0440\u0430 \u0432 \u0432\u043e\u0439\u043d\u0443 <\/em>\u0413\u0438 \u0414\u0435\u0431\u043e\u0440\u0430<\/h2>\n<p>\u0424\u0438\u043b\u044c\u043c Class Wargames &#8212; \u044d\u0442\u043e \u0441\u043e\u0432\u0440\u0435\u043c\u0435\u043d\u043d\u044b\u0439 \u0442\u0440\u0430\u043a\u0442\u0430\u0442 \u043e \u0440\u0435\u0432\u043e\u043b\u044e\u0446\u0438\u043e\u043d\u043d\u043e\u0439 \u0441\u0442\u0440\u0430\u0442\u0435\u0433\u0438\u0438 \u0432 \u044d\u043f\u043e\u0445\u0443 \u043a\u0438\u0431\u0435\u0440\u043d\u0435\u0442\u0438\u043a\u0438. \u0424\u0438\u043b\u044c\u043c, \u043d\u0430\u0432\u0435\u044f\u043d\u043d\u044b\u0439 \u00ab\u0418\u0433\u0440\u043e\u0439 \u0432 \u0432\u043e\u0439\u043d\u0443\u00bb \u0410\u043b\u0438\u0441 \u0411\u0435\u043a\u043a\u0435\u0440 \u0438 \u0413\u0438 \u0414\u0435\u0431\u043e\u0440\u0430, \u0430\u043d\u0430\u043b\u0438\u0437\u0438\u0440\u0443\u0435\u0442 \u0441\u043e\u0432\u0440\u0435\u043c\u0435\u043d\u043d\u044b\u0435 \u0443\u0441\u043b\u043e\u0432\u0438\u044f \u043d\u0435\u043e\u043b\u0438\u0431\u0435\u0440\u0430\u043b\u044c\u043d\u043e\u0433\u043e \u043a\u0430\u043f\u0438\u0442\u0430\u043b\u0438\u0437\u043c\u0430 \u0438 \u043c\u0435\u0442\u043e\u0434\u044b, \u043d\u0435\u043e\u0431\u0445\u043e\u0434\u0438\u043c\u044b\u0435 \u0434\u043b\u044f \u0435\u0433\u043e \u043f\u0440\u0435\u043e\u0434\u043e\u043b\u0435\u043d\u0438\u044f. \u0421 \u043f\u0440\u0438\u0432\u043b\u0435\u0447\u0435\u043d\u0438\u0435\u043c \u043a\u0430\u043a \u043a\u043b\u0430\u0441\u0441\u0438\u0447\u0435\u0441\u043a\u043e\u0439 \u0432\u043e\u0435\u043d\u043d\u043e\u0439 \u0442\u0435\u043e\u0440\u0438\u0438, \u0442\u0430\u043a \u0438 \u043f\u043e\u043d\u044f\u0442\u0438\u044f \u0421\u0438\u0442\u0443\u0430\u0446\u0438\u043e\u043d\u0438\u0437\u043c\u0430, \u0444\u0438\u043b\u044c\u043c \u043f\u0440\u0435\u0434\u043b\u0430\u0433\u0430\u0435\u0442 \u0440\u0443\u043a\u043e\u0432\u043e\u0434\u0441\u0442\u0432\u043e \u043a \u0431\u0443\u043d\u0442\u0443 \u0434\u043b\u044f \u0442\u0435\u0445, \u043a\u0442\u043e \u0431\u043e\u0440\u0435\u0442\u0441\u044f \u0437\u0430 \u043f\u043e\u0441\u0442\u0440\u043e\u0435\u043d\u0438\u0435 \u0432\u043e\u0438\u0441\u0442\u0438\u043d\u0443 \u0433\u0443\u043c\u0430\u043d\u043d\u043e\u0439 \u0446\u0438\u0432\u0438\u043b\u0438\u0437\u0430\u0446\u0438\u0438.<br \/>\n<strong><a href=\"http:\/\/www.vimeo.com\/18822208\">\u0421\u043c\u043e\u0442\u0440\u0435\u0442\u044c \u0444\u0438\u043b\u044c\u043c<\/a><\/strong><\/p>\n<h2>Class Wargames pied\u0101v\u0101 G\u012bja Debora <em>Kara Sp\u0113li<\/em><\/h2>\n<p>Class Wargames filma ir 21.gadsimta revolucion\u0101r\u0101s strat\u0113\u0123ijas apcer\u0113jums kibern\u0113tikas laikmet\u0101. Alises Bekeres-Ho un G\u012bja Debora <em>Kara Sp\u0113les<\/em> iedvesm\u0101, \u0161\u012b filma analiz\u0113 modern\u0101, neo-liber\u0101l\u0101 kapit\u0101lisma st\u0101vokli un metodes t\u0101 p\u0101rvar\u0113\u0161anai. Apvienojot klasisko milit\u0101ro teoriju ar Situacionistu politisko izpratni \u0161\u012b filma ir k\u0101 rokasgr\u0101mata tiem kas m\u0113\u0123ina uzb\u016bv\u0113t patiesi hum\u0101nu civiliz\u0101ciju.<br \/>\n<strong><a href=\"https:\/\/vimeo.com\/93895950\">Sp\u0113l\u0113t Filmu<\/a><\/strong><\/p>\n<h2>Klasowe Gry Wojenne przedstawia <em>Gra Wojenna<\/em> Guy Deborda<\/h2>\n<p>Klasowe gry wojenne jest XXI -wiecznym traktatem o rewolucyjnej startegii w dobie cybernetyki. Zainspirowany przez Alice Becker-Ho oraz Gr\u0119 wojenn\u0105 Guy&#8217;a Deborda, ten film analizuje nowoczesne warunki neoliberalnego kapitalizmu oraz methody niezb\u0119dne do jego przekroczenia. Wykorzystuj\u0105c zar\u00f3wno klasyczn\u0105 teori\u0119 militarn\u0105 jak i polityczny wgl\u0105d jaki da\u0142 na sytuacjonizm, film ten dostarcza powsta\u0144czej instruckji tym kt\u00f3rzy walcz\u0105 o budow\u0119 prawdziwie ludzkiej cywilizacji.<br \/>\n<strong><a href=\"http:\/\/vimeo.com\/29848122\">Obejrzyj film<\/a><\/strong><\/p>\n<h2>Class Wargames Spielt Guy Debords <em>Kriegspiel<\/em><\/h2>\n<p>Der Film von Class Wargames ist ein Traktat \u00fcber revolution\u00e4re Strategie im kybernetischen Zeitalter des 21. Jahrhunderts. Inspiriert von Alice Becker-Hos und Guy Debords Kriegspiel analysiert dieser Film die modernen Bedingungen des zeitgen\u00f6ssischen Kapitalismus neoliberaler Pr\u00e4gung und die erforderlichen Methoden, diesen zu \u00fcberwinden. Mit Bezug sowohl auf klassische Milit\u00e4rtheorie als auch auf die politischen Einsichten der Situationismus stellt dieser Film ein Handbuch des Aufstands f\u00fcr diejenigen dar, die f\u00fcr eine wirklich menschliche Zivilisation k\u00e4mpfen.<br \/>\n<strong><a href=\"http:\/\/vimeo.com\/96448190\">Spielen Sie den Film ab<\/a><\/strong><\/p>\n","protected":false},"excerpt":{"rendered":"<p>CLASS WARGAMES PRESENTS GUY DEBORD&#8217;S THE GAME OF WAR Class Wargames&#8217; film is a 21st century treatise on revolutionary strategy in the cybernetic age. Inspired by Alice Becker-Ho and Guy Debord&#8217;s The Game of War, this movie analyses the modern conditions of neo-liberal capitalism and the methods required to transcend it. Utilising both classical military theory and the political insights of Situationism, this film provides an insurrectionary manual for those&hellip;<\/p>\n","protected":false},"author":1,"featured_media":0,"parent":4,"menu_order":1,"comment_status":"closed","ping_status":"closed","template":"","meta":{"ngg_post_thumbnail":0,"footnotes":""},"class_list":["post-149","page","type-page","status-publish","hentry"],"jetpack_sharing_enabled":true,"_links":{"self":[{"href":"https:\/\/www.classwargames.net\/index.php?rest_route=\/wp\/v2\/pages\/149","targetHints":{"allow":["GET"]}}],"collection":[{"href":"https:\/\/www.classwargames.net\/index.php?rest_route=\/wp\/v2\/pages"}],"about":[{"href":"https:\/\/www.classwargames.net\/index.php?rest_route=\/wp\/v2\/types\/page"}],"author":[{"embeddable":true,"href":"https:\/\/www.classwargames.net\/index.php?rest_route=\/wp\/v2\/users\/1"}],"replies":[{"embeddable":true,"href":"https:\/\/www.classwargames.net\/index.php?rest_route=%2Fwp%2Fv2%2Fcomments&post=149"}],"version-history":[{"count":83,"href":"https:\/\/www.classwargames.net\/index.php?rest_route=\/wp\/v2\/pages\/149\/revisions"}],"predecessor-version":[{"id":5438,"href":"https:\/\/www.classwargames.net\/index.php?rest_route=\/wp\/v2\/pages\/149\/revisions\/5438"}],"up":[{"embeddable":true,"href":"https:\/\/www.classwargames.net\/index.php?rest_route=\/wp\/v2\/pages\/4"}],"wp:attachment":[{"href":"https:\/\/www.classwargames.net\/index.php?rest_route=%2Fwp%2Fv2%2Fmedia&parent=149"}],"curies":[{"name":"wp","href":"https:\/\/api.w.org\/{rel}","templated":true}]}}